{"id":2,"date":"2018-06-06T09:00:35","date_gmt":"2018-06-06T09:00:35","guid":{"rendered":"https:\/\/www.value-investing.ch\/?page_id=2"},"modified":"2021-02-19T16:57:24","modified_gmt":"2021-02-19T15:57:24","slug":"vita","status":"publish","type":"page","link":"https:\/\/sopran.karinstuebi.ch\/index.php\/vita\/","title":{"rendered":"vita"},"content":{"rendered":"<h2>Karin St\u00fcbi Wohlgemuth<\/h2>\n<p>arbeitete sechs Jahre als Primarlehrerin und besuchte berufsbegleitend die allgemeinen Jazz-Schule Luzern (Querfl\u00f6te).<br \/>\nDanach folgte ein Gesangsstudium bei Prof. Marianne Kohler in Bern.<br \/>\nLehrdiplom und Konzertdiplom mit Auszeichnung<\/p>\n<p>Neben ihrem besonderen Interesse an der Liedinterpretation, widmet sie sich vorwiegend den Sopranpartien in Konzerten und geistlichen Werken.<br \/>\nIhr Repertoire ist breitgef\u00e4chert und umfasst alle Epochen bis hin zu zeitgen\u00f6ssischen Werken.<br \/>\nSie besuchte verschiedene Meisterkurse f\u00fcr Liedinterpretation bei Marianne Kohler und G\u00e9rard Wyss.<br \/>\nWichtige Impulse in den Bereichen Oratorium und Oper erh\u00e4lt sie in Meisterkursen bei Krisztina L\u00e0ki.<\/p>\n<p>Karin St\u00fcbi Wohlgemuth ist freischaffende Konzerts\u00e4ngerin und Musikp\u00e4dagogin. Sie tritt als Solistin in der Schweiz und im Ausland auf und leitet Schulmusik- Projekte im Rahmen der Kulturvermittlung von Stadt und Kanton Bern.<br \/>\nSie unterrichtet Gesang an der P\u00e4dagogischen Hochschule Bern (IVP NMS).<\/p>\n<ul>\n<li><a href=\"https:\/\/sopran.karinstuebi.ch\/wp-content\/uploads\/2020\/06\/Karin_Stuebi_Sopran_Kurzlebenslauf.pdf\">Kurzlebenslauf<\/a><\/li>\n<li><a href=\"https:\/\/sopran.karinstuebi.ch\/wp-content\/uploads\/2020\/06\/Karin_Stuebi_Sopran_Lebenslauf.pdf\">Lebenslauf<\/a><\/li>\n<\/ul>\n","protected":false},"excerpt":{"rendered":"<p>Karin St\u00fcbi Wohlgemuth arbeitete sechs Jahre als Primarlehrerin und besuchte berufsbegleitend die allgemeinen Jazz-Schule Luzern (Querfl\u00f6te). Danach folgte ein Gesangsstudium<\/p>\n<p><a href=\"https:\/\/sopran.karinstuebi.ch\/index.php\/vita\/\" class=\"more-link\">Continue reading<span class=\"screen-reader-text\">vita<\/span><\/a><\/p>\n","protected":false},"author":3,"featured_media":0,"parent":0,"menu_order":40,"comment_status":"closed","ping_status":"closed","template":"","meta":{"footnotes":""},"class_list":["post-2","page","type-page","status-publish","hentry"],"_links":{"self":[{"href":"https:\/\/sopran.karinstuebi.ch\/index.php\/wp-json\/wp\/v2\/pages\/2","targetHints":{"allow":["GET"]}}],"collection":[{"href":"https:\/\/sopran.karinstuebi.ch\/index.php\/wp-json\/wp\/v2\/pages"}],"about":[{"href":"https:\/\/sopran.karinstuebi.ch\/index.php\/wp-json\/wp\/v2\/types\/page"}],"author":[{"embeddable":true,"href":"https:\/\/sopran.karinstuebi.ch\/index.php\/wp-json\/wp\/v2\/users\/3"}],"replies":[{"embeddable":true,"href":"https:\/\/sopran.karinstuebi.ch\/index.php\/wp-json\/wp\/v2\/comments?post=2"}],"version-history":[{"count":5,"href":"https:\/\/sopran.karinstuebi.ch\/index.php\/wp-json\/wp\/v2\/pages\/2\/revisions"}],"predecessor-version":[{"id":242,"href":"https:\/\/sopran.karinstuebi.ch\/index.php\/wp-json\/wp\/v2\/pages\/2\/revisions\/242"}],"wp:attachment":[{"href":"https:\/\/sopran.karinstuebi.ch\/index.php\/wp-json\/wp\/v2\/media?parent=2"}],"curies":[{"name":"wp","href":"https:\/\/api.w.org\/{rel}","templated":true}]}}